{"id":4400,"date":"2021-10-12T15:51:09","date_gmt":"2021-10-12T15:51:09","guid":{"rendered":"http:\/\/dummy.xtemos.com\/woodmart2\/elementor\/?page_id=4400"},"modified":"2022-09-19T19:54:33","modified_gmt":"2022-09-19T19:54:33","slug":"sobre-mi","status":"publish","type":"page","link":"https:\/\/antiaginglab.net\/?page_id=4400","title":{"rendered":"Sobre m\u00ed"},"content":{"rendered":"\t\t<div data-elementor-type=\"wp-page\" data-elementor-id=\"4400\" class=\"elementor elementor-4400\">\n\t\t\t\t\t\t<section class=\"elementor-section elementor-top-section elementor-element elementor-element-3c548bca elementor-reverse-tablet elementor-reverse-mobile elementor-section-stretched elementor-section-boxed elementor-section-height-default elementor-section-height-default wd-section-disabled\" data-id=\"3c548bca\" data-element_type=\"section\" data-e-type=\"section\" data-settings=\"{&quot;stretch_section&quot;:&quot;section-stretched&quot;}\">\n\t\t\t\t\t\t<div class=\"elementor-container elementor-column-gap-default\">\n\t\t\t\t\t<div class=\"elementor-column elementor-col-50 elementor-top-column elementor-element elementor-element-1d354ed7\" data-id=\"1d354ed7\" data-element_type=\"column\" data-e-type=\"column\">\n\t\t\t<div class=\"elementor-widget-wrap elementor-element-populated\">\n\t\t\t\t\t\t<div class=\"elementor-element elementor-element-3b8f1c6 elementor-widget elementor-widget-wd_image_or_svg\" data-id=\"3b8f1c6\" data-element_type=\"widget\" data-e-type=\"widget\" data-widget_type=\"wd_image_or_svg.default\">\n\t\t\t\t<div class=\"elementor-widget-container\">\n\t\t\t\t\t\n\t\t<div class=\"wd-image text-left\">\n\t\t\t\t\t\t\t\t<img fetchpriority=\"high\" decoding=\"async\" width=\"799\" height=\"1004\" src=\"https:\/\/antiaginglab.net\/wp-content\/uploads\/2022\/09\/DSC_6668.jpg\" class=\"attachment-full size-full wp-image-10079\" alt=\"\" srcset=\"https:\/\/antiaginglab.net\/wp-content\/uploads\/2022\/09\/DSC_6668.jpg 799w, https:\/\/antiaginglab.net\/wp-content\/uploads\/2022\/09\/DSC_6668-239x300.jpg 239w, https:\/\/antiaginglab.net\/wp-content\/uploads\/2022\/09\/DSC_6668-637x800.jpg 637w, https:\/\/antiaginglab.net\/wp-content\/uploads\/2022\/09\/DSC_6668-768x965.jpg 768w\" sizes=\"(max-width: 799px) 100vw, 799px\" \/>\t\t\t\t\t<\/div>\n\n\t\t\t\t\t\t<\/div>\n\t\t\t\t<\/div>\n\t\t\t\t\t<\/div>\n\t\t<\/div>\n\t\t\t\t<div class=\"elementor-column elementor-col-50 elementor-top-column elementor-element elementor-element-7a9daa7\" data-id=\"7a9daa7\" data-element_type=\"column\" data-e-type=\"column\">\n\t\t\t<div class=\"elementor-widget-wrap elementor-element-populated\">\n\t\t\t\t\t\t<div class=\"elementor-element elementor-element-363e4c6 elementor-widget elementor-widget-wd_title\" data-id=\"363e4c6\" data-element_type=\"widget\" data-e-type=\"widget\" data-widget_type=\"wd_title.default\">\n\t\t\t\t<div class=\"elementor-widget-container\">\n\t\t\t\t\t\t\t\t<link rel=\"stylesheet\" id=\"wd-section-title-css\" href=\"https:\/\/antiaginglab.net\/wp-content\/themes\/woodmart\/css\/parts\/el-section-title.min.css?ver=6.4.2\" type=\"text\/css\" media=\"all\" \/> \t\t\t\t\t<div class=\"title-wrapper set-mb-s reset-last-child wd-title-color-default wd-title-style-default wd-title-size-default text-left\">\n\n\t\t\t\n\t\t\t<div class=\"liner-continer\">\n\t\t\t\t<h4 class=\"woodmart-title-container title wd-fontsize-l\">Dra. Gia Crespo Biaggi<\/h4> \n\t\t\t\t\t\t\t<\/div>\n\n\t\t\t\t\t<\/div>\n\t\t\t\t\t\t<\/div>\n\t\t\t\t<\/div>\n\t\t\t\t<div class=\"elementor-element elementor-element-cf34ae6 elementor-widget elementor-widget-wd_text_block\" data-id=\"cf34ae6\" data-element_type=\"widget\" data-e-type=\"widget\" data-widget_type=\"wd_text_block.default\">\n\t\t\t\t<div class=\"elementor-widget-container\">\n\t\t\t\t\t\t\t\t<link rel=\"stylesheet\" id=\"wd-text-block-css\" href=\"https:\/\/antiaginglab.net\/wp-content\/themes\/woodmart\/css\/parts\/el-text-block.min.css?ver=6.4.2\" type=\"text\/css\" media=\"all\" \/> \t\t\t\t\t<div class=\"wd-text-block reset-last-child text-left\">\n\t\t\t\n\t\t\t<p><strong>Formaci\u00f3n Acad\u00e9mica:<br \/><\/strong>M\u00e9dico.<br \/>Universidad Cat\u00f3lica Santiago de Guayaquil.<br \/>Junio 2011.<\/p><p><strong>Registro Profesional:<\/strong><br \/>Libro 3 Folio 39 N\u00b0 116.<\/p><p><strong>Estudios de Especializaci\u00f3n:<\/strong><\/p><ul><li>M\u00e1ster oficial de Nutrici\u00f3n y Metabolismo de la Universidad de Barcelona (UB) 2012-2013. N\u00famero de registro Senescyt 7717R-14-18915.<\/li><li>M\u00e1ster en Medicina Cosm\u00e9tica y del envejecimiento en la Universidad Aut\u00f3noma de Barcelona (UAB) 2012 -2013. N\u00famero de registro Senescyt 7297R-14-18439.<\/li><li>Diplomatura de postgrado Bases Cl\u00ednicas en Cirug\u00eda y Medicina Cosm\u00e9tica. Universidad Aut\u00f3noma de Barcelona (UAB).<\/li><li>Diplomatura de postgrado Medicina del Envejecimiento. Universidad Aut\u00f3noma de Barcelona (UAB).<\/li><\/ul><p><strong>Formaci\u00f3n y experiencia adicional:<\/strong><\/p><ul><li>Rotaci\u00f3n M\u00e9dica realizada en la Cl\u00ednica Planas, Barcelona, Mayo del 2012.<\/li><li>Rotaci\u00f3n en el Departamento de Endocrinolog\u00eda y Nutrici\u00f3n del Hospital German Trias y Pujol. Barcelona, Espa\u00f1a. Enero-Junio 2013.<\/li><li>M\u00e9dico Rural 2013-2014 Base Naval de Salinas.<\/li><li>Curso Online Food Safety Wageningen University. Mayo 2016.<\/li><li>Curso de Soporte Vital B\u00e1sico (SVB) y Desfibrilaci\u00f3n Externa Autom\u00e1tica (DEA). Consell Catala de Ressuscitacio.<\/li><li>Curso de Toxina Botul\u00ednica y rellenos. Galderma 2012.<\/li><\/ul>\n\t\t\t\t\t<\/div>\n\t\t\t\t\t\t<\/div>\n\t\t\t\t<\/div>\n\t\t\t\t\t<\/div>\n\t\t<\/div>\n\t\t\t\t\t<\/div>\n\t\t<\/section>\n\t\t\t\t<\/div>\n\t\t","protected":false},"excerpt":{"rendered":"<p>Dra. Gia Crespo Biaggi Formaci\u00f3n Acad\u00e9mica:M\u00e9dico.Universidad Cat\u00f3lica Santiago de Guayaquil.Junio 2011. Registro Profesional:Libro 3 Folio 39 N\u00b0 116. Estudios de<\/p>\n","protected":false},"author":2,"featured_media":0,"parent":0,"menu_order":0,"comment_status":"closed","ping_status":"closed","template":"","meta":{"_joinchat":[],"footnotes":""},"class_list":["post-4400","page","type-page","status-publish","hentry"],"_links":{"self":[{"href":"https:\/\/antiaginglab.net\/index.php?rest_route=\/wp\/v2\/pages\/4400","targetHints":{"allow":["GET"]}}],"collection":[{"href":"https:\/\/antiaginglab.net\/index.php?rest_route=\/wp\/v2\/pages"}],"about":[{"href":"https:\/\/antiaginglab.net\/index.php?rest_route=\/wp\/v2\/types\/page"}],"author":[{"embeddable":true,"href":"https:\/\/antiaginglab.net\/index.php?rest_route=\/wp\/v2\/users\/2"}],"replies":[{"embeddable":true,"href":"https:\/\/antiaginglab.net\/index.php?rest_route=%2Fwp%2Fv2%2Fcomments&post=4400"}],"version-history":[{"count":31,"href":"https:\/\/antiaginglab.net\/index.php?rest_route=\/wp\/v2\/pages\/4400\/revisions"}],"predecessor-version":[{"id":10082,"href":"https:\/\/antiaginglab.net\/index.php?rest_route=\/wp\/v2\/pages\/4400\/revisions\/10082"}],"wp:attachment":[{"href":"https:\/\/antiaginglab.net\/index.php?rest_route=%2Fwp%2Fv2%2Fmedia&parent=4400"}],"curies":[{"name":"wp","href":"https:\/\/api.w.org\/{rel}","templated":true}]}}